{"id":2651,"date":"2023-11-23T10:15:22","date_gmt":"2023-11-23T13:15:22","guid":{"rendered":"https:\/\/ancoravix.com.br\/site\/?page_id=2651"},"modified":"2025-06-05T04:17:24","modified_gmt":"2025-06-05T07:17:24","slug":"revisao-anual-de-aconragem","status":"publish","type":"page","link":"https:\/\/ancoravix.com.br\/site\/revisao-anual-de-aconragem\/","title":{"rendered":"Revis\u00e3o Anual de Aconragem"},"content":{"rendered":"\t\t<div data-elementor-type=\"wp-page\" data-elementor-id=\"2651\" class=\"elementor elementor-2651\" data-elementor-settings=\"[]\">\n\t\t\t\t\t\t\t<div class=\"elementor-section-wrap\">\n\t\t\t\t\t\t\t<section class=\"elementor-section elementor-top-section elementor-element elementor-element-db7f8e1 elementor-section-content-middle elementor-section-boxed elementor-section-height-default elementor-section-height-default\" data-id=\"db7f8e1\" data-element_type=\"section\">\n\t\t\t\t\t\t<div class=\"elementor-container elementor-column-gap-extended\">\n\t\t\t\t\t<div class=\"elementor-column elementor-col-50 elementor-top-column elementor-element elementor-element-d22f52e\" data-id=\"d22f52e\" data-element_type=\"column\">\n\t\t\t<div class=\"elementor-widget-wrap elementor-element-populated\">\n\t\t\t\t\t\t\t\t<div class=\"elementor-element elementor-element-4455df6 elementor-widget elementor-widget-image-gallery\" data-id=\"4455df6\" data-element_type=\"widget\" data-widget_type=\"image-gallery.default\">\n\t\t\t\t<div class=\"elementor-widget-container\">\n\t\t\t\t\t<div class=\"elementor-image-gallery\">\n\t\t\t<div id='gallery-1' class='gallery galleryid-2651 gallery-columns-2 gallery-size-large'><figure class='gallery-item'>\n\t\t\t<div class='gallery-icon landscape'>\n\t\t\t\t<img loading=\"lazy\" decoding=\"async\" width=\"600\" height=\"455\" src=\"https:\/\/ancoravix.com.br\/site\/wp-content\/uploads\/2025\/06\/01.png\" class=\"attachment-large size-large\" alt=\"\" srcset=\"https:\/\/ancoravix.com.br\/site\/wp-content\/uploads\/2025\/06\/01.png 600w, https:\/\/ancoravix.com.br\/site\/wp-content\/uploads\/2025\/06\/01-300x228.png 300w\" sizes=\"auto, (max-width: 600px) 100vw, 600px\" \/>\n\t\t\t<\/div><\/figure><figure class='gallery-item'>\n\t\t\t<div class='gallery-icon landscape'>\n\t\t\t\t<img loading=\"lazy\" decoding=\"async\" width=\"600\" height=\"455\" src=\"https:\/\/ancoravix.com.br\/site\/wp-content\/uploads\/2025\/06\/02.png\" class=\"attachment-large size-large\" alt=\"\" srcset=\"https:\/\/ancoravix.com.br\/site\/wp-content\/uploads\/2025\/06\/02.png 600w, https:\/\/ancoravix.com.br\/site\/wp-content\/uploads\/2025\/06\/02-300x228.png 300w\" sizes=\"auto, (max-width: 600px) 100vw, 600px\" \/>\n\t\t\t<\/div><\/figure><figure class='gallery-item'>\n\t\t\t<div class='gallery-icon landscape'>\n\t\t\t\t<img loading=\"lazy\" decoding=\"async\" width=\"600\" height=\"455\" src=\"https:\/\/ancoravix.com.br\/site\/wp-content\/uploads\/2025\/06\/03.png\" class=\"attachment-large size-large\" alt=\"\" srcset=\"https:\/\/ancoravix.com.br\/site\/wp-content\/uploads\/2025\/06\/03.png 600w, https:\/\/ancoravix.com.br\/site\/wp-content\/uploads\/2025\/06\/03-300x228.png 300w\" sizes=\"auto, (max-width: 600px) 100vw, 600px\" \/>\n\t\t\t<\/div><\/figure><figure class='gallery-item'>\n\t\t\t<div class='gallery-icon landscape'>\n\t\t\t\t<img loading=\"lazy\" decoding=\"async\" width=\"600\" height=\"455\" src=\"https:\/\/ancoravix.com.br\/site\/wp-content\/uploads\/2025\/06\/04.png\" class=\"attachment-large size-large\" alt=\"\" srcset=\"https:\/\/ancoravix.com.br\/site\/wp-content\/uploads\/2025\/06\/04.png 600w, https:\/\/ancoravix.com.br\/site\/wp-content\/uploads\/2025\/06\/04-300x228.png 300w\" sizes=\"auto, (max-width: 600px) 100vw, 600px\" \/>\n\t\t\t<\/div><\/figure>\n\t\t<\/div>\n\t\t<\/div>\n\t\t\t\t<\/div>\n\t\t\t\t<\/div>\n\t\t\t\t\t<\/div>\n\t\t<\/div>\n\t\t\t\t<div class=\"elementor-column elementor-col-50 elementor-top-column elementor-element elementor-element-4ab44a6\" data-id=\"4ab44a6\" data-element_type=\"column\">\n\t\t\t<div class=\"elementor-widget-wrap elementor-element-populated\">\n\t\t\t\t\t\t\t\t<div class=\"elementor-element elementor-element-df44207 align-left elementor-widget elementor-widget-mae-headings\" data-id=\"df44207\" data-element_type=\"widget\" data-widget_type=\"mae-headings.default\">\n\t\t\t\t<div class=\"elementor-widget-container\">\n\t\t\t\t\t<div class=\"master-heading\">\n\t        \n\t        \t        <h2 class=\"main-heading\">TESTE ANUAL DE PONTOS DE ANCORAGEM<\/h2>\n\t        \n\t        \n\t        \t            <div class=\"sub-heading\">A REVIS\u00c3O ANUAL DO SISTEMA DE ANCORAGEM \u00c9 OBIGAT\u00d3RIA CONFORME ESPECIFIACADO NO ANEXO II NR-35, DEVE SER FEITA EM PERIODO IGUAL OU INFERIOR A 12 MESES. OS DISPOSITIVOS S\u00c3O TESTADOS E CERTIFICADOS POR MEIO DE CONJUNTO HIDR\u00c1ULICO SUBMETIDOS A 1500 KGF DE TRA\u00c7\u00c3O.<\/div>\n\t        \t    <\/div>\n\t    \t\t<\/div>\n\t\t\t\t<\/div>\n\t\t\t\t<div class=\"elementor-element elementor-element-2ad0af7 elementor-widget elementor-widget-spacer\" data-id=\"2ad0af7\" data-element_type=\"widget\" data-widget_type=\"spacer.default\">\n\t\t\t\t<div class=\"elementor-widget-container\">\n\t\t\t\t\t<div class=\"elementor-spacer\">\n\t\t\t<div class=\"elementor-spacer-inner\"><\/div>\n\t\t<\/div>\n\t\t\t\t<\/div>\n\t\t\t\t<\/div>\n\t\t\t\t<div class=\"elementor-element elementor-element-1382591 elementor-widget elementor-widget-heading\" data-id=\"1382591\" data-element_type=\"widget\" data-widget_type=\"heading.default\">\n\t\t\t\t<div class=\"elementor-widget-container\">\n\t\t\t<h4 class=\"elementor-heading-title elementor-size-default\">Incluso limpeza para descontamina\u00e7\u00e3o dos dispositivos.<\/h4>\t\t<\/div>\n\t\t\t\t<\/div>\n\t\t\t\t<div class=\"elementor-element elementor-element-6b1fc5c elementor-widget elementor-widget-spacer\" data-id=\"6b1fc5c\" data-element_type=\"widget\" data-widget_type=\"spacer.default\">\n\t\t\t\t<div class=\"elementor-widget-container\">\n\t\t\t\t\t<div class=\"elementor-spacer\">\n\t\t\t<div class=\"elementor-spacer-inner\"><\/div>\n\t\t<\/div>\n\t\t\t\t<\/div>\n\t\t\t\t<\/div>\n\t\t\t\t<div class=\"elementor-element elementor-element-28ec371 elementor-widget elementor-widget-heading\" data-id=\"28ec371\" data-element_type=\"widget\" data-widget_type=\"heading.default\">\n\t\t\t\t<div class=\"elementor-widget-container\">\n\t\t\t<h4 class=\"elementor-heading-title elementor-size-default\">S\u00e3o entregues caderno t\u00e9cnico composto com toda documenta\u00e7\u00e3o necess\u00e1ria para respaldo ao condom\u00ednio, com laudo de calibragem do conjunto hidr\u00e1ulico e ART. <\/h4>\t\t<\/div>\n\t\t\t\t<\/div>\n\t\t\t\t<div class=\"elementor-element elementor-element-30ea203 elementor-widget elementor-widget-spacer\" data-id=\"30ea203\" data-element_type=\"widget\" data-widget_type=\"spacer.default\">\n\t\t\t\t<div class=\"elementor-widget-container\">\n\t\t\t\t\t<div class=\"elementor-spacer\">\n\t\t\t<div class=\"elementor-spacer-inner\"><\/div>\n\t\t<\/div>\n\t\t\t\t<\/div>\n\t\t\t\t<\/div>\n\t\t\t\t<div class=\"elementor-element elementor-element-468a3cb align-center elementor-invisible elementor-widget elementor-widget-mae-button\" data-id=\"468a3cb\" data-element_type=\"widget\" data-settings=\"{&quot;_animation&quot;:&quot;fadeIn&quot;}\" data-widget_type=\"mae-button.default\">\n\t\t\t\t<div class=\"elementor-widget-container\">\n\t\t\t\n        <a class=\"master-button btn-accent icon-none small\" href=\"https:\/\/api.whatsapp.com\/send?phone=5527997119005&#038;text=AncoraVIX\" target=&quot;_blank&quot; >\n                        <span>Solicitar or\u00e7amento<\/span>\n                    <\/a>\n\n        \t\t<\/div>\n\t\t\t\t<\/div>\n\t\t\t\t<div class=\"elementor-element elementor-element-2c90aef elementor-widget elementor-widget-spacer\" data-id=\"2c90aef\" data-element_type=\"widget\" data-widget_type=\"spacer.default\">\n\t\t\t\t<div class=\"elementor-widget-container\">\n\t\t\t\t\t<div class=\"elementor-spacer\">\n\t\t\t<div class=\"elementor-spacer-inner\"><\/div>\n\t\t<\/div>\n\t\t\t\t<\/div>\n\t\t\t\t<\/div>\n\t\t\t\t\t<\/div>\n\t\t<\/div>\n\t\t\t\t\t\t\t<\/div>\n\t\t<\/section>\n\t\t\t\t\t\t<\/div>\n\t\t\t\t\t<\/div>\n\t\t","protected":false},"excerpt":{"rendered":"<p>TESTE ANUAL DE PONTOS DE ANCORAGEM A REVIS\u00c3O ANUAL DO SISTEMA DE ANCORAGEM \u00c9 OBIGAT\u00d3RIA CONFORME ESPECIFIACADO NO ANEXO II NR-35, DEVE SER FEITA EM PERIODO IGUAL OU INFERIOR A 12 MESES. OS DISPOSITIVOS S\u00c3O TESTADOS E CERTIFICADOS POR MEIO DE CONJUNTO HIDR\u00c1ULICO SUBMETIDOS A 1500 KGF<\/p>\n","protected":false},"author":1,"featured_media":0,"parent":0,"menu_order":0,"comment_status":"closed","ping_status":"closed","template":"elementor_header_footer","meta":{"footnotes":""},"class_list":["post-2651","page","type-page","status-publish","hentry"],"_links":{"self":[{"href":"https:\/\/ancoravix.com.br\/site\/wp-json\/wp\/v2\/pages\/2651","targetHints":{"allow":["GET"]}}],"collection":[{"href":"https:\/\/ancoravix.com.br\/site\/wp-json\/wp\/v2\/pages"}],"about":[{"href":"https:\/\/ancoravix.com.br\/site\/wp-json\/wp\/v2\/types\/page"}],"author":[{"embeddable":true,"href":"https:\/\/ancoravix.com.br\/site\/wp-json\/wp\/v2\/users\/1"}],"replies":[{"embeddable":true,"href":"https:\/\/ancoravix.com.br\/site\/wp-json\/wp\/v2\/comments?post=2651"}],"version-history":[{"count":10,"href":"https:\/\/ancoravix.com.br\/site\/wp-json\/wp\/v2\/pages\/2651\/revisions"}],"predecessor-version":[{"id":2775,"href":"https:\/\/ancoravix.com.br\/site\/wp-json\/wp\/v2\/pages\/2651\/revisions\/2775"}],"wp:attachment":[{"href":"https:\/\/ancoravix.com.br\/site\/wp-json\/wp\/v2\/media?parent=2651"}],"curies":[{"name":"wp","href":"https:\/\/api.w.org\/{rel}","templated":true}]}}