{"id":1169,"date":"2020-08-20T14:23:36","date_gmt":"2020-08-20T14:23:36","guid":{"rendered":"http:\/\/ninzio.com\/byron\/?page_id=1169"},"modified":"2021-08-23T10:08:31","modified_gmt":"2021-08-23T13:08:31","slug":"contato","status":"publish","type":"page","link":"https:\/\/ancoravix.com.br\/site\/contato\/","title":{"rendered":"Fale conosco"},"content":{"rendered":"\t\t<div data-elementor-type=\"wp-page\" data-elementor-id=\"1169\" class=\"elementor elementor-1169\" data-elementor-settings=\"[]\">\n\t\t\t\t\t\t\t<div class=\"elementor-section-wrap\">\n\t\t\t\t\t\t\t<section class=\"elementor-section elementor-top-section elementor-element elementor-element-3728501 elementor-section-boxed elementor-section-height-default elementor-section-height-default\" data-id=\"3728501\" data-element_type=\"section\">\n\t\t\t\t\t\t<div class=\"elementor-container elementor-column-gap-default\">\n\t\t\t\t\t<div class=\"elementor-column elementor-col-100 elementor-top-column elementor-element elementor-element-c3c4a00\" data-id=\"c3c4a00\" data-element_type=\"column\">\n\t\t\t<div class=\"elementor-widget-wrap elementor-element-populated\">\n\t\t\t\t\t\t\t\t<div class=\"elementor-element elementor-element-f8f5561 elementor-widget elementor-widget-spacer\" data-id=\"f8f5561\" data-element_type=\"widget\" data-widget_type=\"spacer.default\">\n\t\t\t\t<div class=\"elementor-widget-container\">\n\t\t\t\t\t<div class=\"elementor-spacer\">\n\t\t\t<div class=\"elementor-spacer-inner\"><\/div>\n\t\t<\/div>\n\t\t\t\t<\/div>\n\t\t\t\t<\/div>\n\t\t\t\t\t<\/div>\n\t\t<\/div>\n\t\t\t\t\t\t\t<\/div>\n\t\t<\/section>\n\t\t\t\t<section class=\"elementor-section elementor-top-section elementor-element elementor-element-9cfabf9 elementor-section-boxed elementor-section-height-default elementor-section-height-default\" data-id=\"9cfabf9\" data-element_type=\"section\">\n\t\t\t\t\t\t<div class=\"elementor-container elementor-column-gap-default\">\n\t\t\t\t\t<div class=\"elementor-column elementor-col-100 elementor-top-column elementor-element elementor-element-1c382e7\" data-id=\"1c382e7\" data-element_type=\"column\">\n\t\t\t<div class=\"elementor-widget-wrap elementor-element-populated\">\n\t\t\t\t\t\t\t\t<div class=\"elementor-element elementor-element-8950477 align-center elementor-widget elementor-widget-mae-headings\" data-id=\"8950477\" data-element_type=\"widget\" data-widget_type=\"mae-headings.default\">\n\t\t\t\t<div class=\"elementor-widget-container\">\n\t\t\t\t\t<div class=\"master-heading\">\n\t        \t            <div class=\"pre-heading\">CONHE\u00c7A NOSSO DISPOSTIVO DE ANCORAGEM<\/div>\n\t        \n\t        \t        <h2 class=\"main-heading\">Solicite uma apresenta\u00e7\u00e3o de nossos servi\u00e7os e nosso dispositivo de ancoragem, atrav\u00e9s do nosso formul\u00e1rio de contato ou atrav\u00e9s de nosso WhatsApp<\/h2>\n\t        \n\t        \n\t        \t    <\/div>\n\t    \t\t<\/div>\n\t\t\t\t<\/div>\n\t\t\t\t<div class=\"elementor-element elementor-element-e3b2a2c elementor-widget elementor-widget-spacer\" data-id=\"e3b2a2c\" data-element_type=\"widget\" data-widget_type=\"spacer.default\">\n\t\t\t\t<div class=\"elementor-widget-container\">\n\t\t\t\t\t<div class=\"elementor-spacer\">\n\t\t\t<div class=\"elementor-spacer-inner\"><\/div>\n\t\t<\/div>\n\t\t\t\t<\/div>\n\t\t\t\t<\/div>\n\t\t\t\t<div class=\"elementor-element elementor-element-459ecc4 align-center elementor-invisible elementor-widget elementor-widget-mae-button\" data-id=\"459ecc4\" data-element_type=\"widget\" data-settings=\"{&quot;_animation&quot;:&quot;fadeIn&quot;}\" data-widget_type=\"mae-button.default\">\n\t\t\t\t<div class=\"elementor-widget-container\">\n\t\t\t\n        <a class=\"master-button btn-accent icon-none small\" href=\"https:\/\/api.whatsapp.com\/send?phone=5527997119005&#038;text=AncoraVIX\" target=&quot;_blank&quot; >\n                        <span>Solicitar apresenta\u00e7\u00e3o<\/span>\n                    <\/a>\n\n        \t\t<\/div>\n\t\t\t\t<\/div>\n\t\t\t\t<div class=\"elementor-element elementor-element-0940958 elementor-widget elementor-widget-spacer\" data-id=\"0940958\" data-element_type=\"widget\" data-widget_type=\"spacer.default\">\n\t\t\t\t<div class=\"elementor-widget-container\">\n\t\t\t\t\t<div class=\"elementor-spacer\">\n\t\t\t<div class=\"elementor-spacer-inner\"><\/div>\n\t\t<\/div>\n\t\t\t\t<\/div>\n\t\t\t\t<\/div>\n\t\t\t\t\t<\/div>\n\t\t<\/div>\n\t\t\t\t\t\t\t<\/div>\n\t\t<\/section>\n\t\t\t\t<section class=\"elementor-section elementor-top-section elementor-element elementor-element-96a691c elementor-section-stretched elementor-section-full_width elementor-section-height-default elementor-section-height-default\" data-id=\"96a691c\" data-element_type=\"section\" data-settings=\"{&quot;stretch_section&quot;:&quot;section-stretched&quot;,&quot;background_background&quot;:&quot;classic&quot;}\">\n\t\t\t\t\t\t<div class=\"elementor-container elementor-column-gap-default\">\n\t\t\t\t\t<div class=\"elementor-column elementor-col-100 elementor-top-column elementor-element elementor-element-b13ad66\" data-id=\"b13ad66\" data-element_type=\"column\">\n\t\t\t<div class=\"elementor-widget-wrap elementor-element-populated\">\n\t\t\t\t\t\t\t\t<div class=\"elementor-element elementor-element-9e6389c elementor-widget elementor-widget-spacer\" data-id=\"9e6389c\" data-element_type=\"widget\" data-widget_type=\"spacer.default\">\n\t\t\t\t<div class=\"elementor-widget-container\">\n\t\t\t\t\t<div class=\"elementor-spacer\">\n\t\t\t<div class=\"elementor-spacer-inner\"><\/div>\n\t\t<\/div>\n\t\t\t\t<\/div>\n\t\t\t\t<\/div>\n\t\t\t\t<div class=\"elementor-element elementor-element-aaa188a align-center elementor-invisible elementor-widget elementor-widget-mae-headings\" data-id=\"aaa188a\" data-element_type=\"widget\" data-settings=\"{&quot;_animation&quot;:&quot;fadeInDown&quot;}\" data-widget_type=\"mae-headings.default\">\n\t\t\t\t<div class=\"elementor-widget-container\">\n\t\t\t\t\t<div class=\"master-heading\">\n\t        \t            <div class=\"pre-heading\">s\u00edndicos e administradoras de condom\u00ednios<\/div>\n\t        \n\t        \t        <h2 class=\"main-heading\">Procurando uma prestadora de servi\u00e7os em altura com trabalho de qualidade e pre\u00e7os acess\u00edveis para  <span class=\"font-weight-600\">seu pr\u00f3ximo projeto?  <\/span><\/h2>\n\t        \n\t        \n\t        \t    <\/div>\n\t    \t\t<\/div>\n\t\t\t\t<\/div>\n\t\t\t\t<div class=\"elementor-element elementor-element-ea33fdc elementor-widget elementor-widget-spacer\" data-id=\"ea33fdc\" data-element_type=\"widget\" data-widget_type=\"spacer.default\">\n\t\t\t\t<div class=\"elementor-widget-container\">\n\t\t\t\t\t<div class=\"elementor-spacer\">\n\t\t\t<div class=\"elementor-spacer-inner\"><\/div>\n\t\t<\/div>\n\t\t\t\t<\/div>\n\t\t\t\t<\/div>\n\t\t\t\t<div class=\"elementor-element elementor-element-ebc45bc align-center elementor-invisible elementor-widget elementor-widget-mae-button\" data-id=\"ebc45bc\" data-element_type=\"widget\" data-settings=\"{&quot;_animation&quot;:&quot;fadeIn&quot;}\" data-widget_type=\"mae-button.default\">\n\t\t\t\t<div class=\"elementor-widget-container\">\n\t\t\t\n        <a class=\"master-button btn-accent icon-none small\" href=\"https:\/\/api.whatsapp.com\/send?phone=5527997119005&#038;text=AncoraVIX\" target=&quot;_blank&quot; >\n                        <span>Solicitar or\u00e7amento<\/span>\n                    <\/a>\n\n        \t\t<\/div>\n\t\t\t\t<\/div>\n\t\t\t\t<div class=\"elementor-element elementor-element-d1d524f elementor-widget elementor-widget-spacer\" data-id=\"d1d524f\" data-element_type=\"widget\" data-widget_type=\"spacer.default\">\n\t\t\t\t<div class=\"elementor-widget-container\">\n\t\t\t\t\t<div class=\"elementor-spacer\">\n\t\t\t<div class=\"elementor-spacer-inner\"><\/div>\n\t\t<\/div>\n\t\t\t\t<\/div>\n\t\t\t\t<\/div>\n\t\t\t\t\t<\/div>\n\t\t<\/div>\n\t\t\t\t\t\t\t<\/div>\n\t\t<\/section>\n\t\t\t\t<section class=\"elementor-section elementor-top-section elementor-element elementor-element-da081fd elementor-section-boxed elementor-section-height-default elementor-section-height-default\" data-id=\"da081fd\" data-element_type=\"section\" data-settings=\"{&quot;background_background&quot;:&quot;classic&quot;}\">\n\t\t\t\t\t\t<div class=\"elementor-container elementor-column-gap-default\">\n\t\t\t\t\t<div class=\"elementor-column elementor-col-100 elementor-top-column elementor-element elementor-element-a39ba3a\" data-id=\"a39ba3a\" data-element_type=\"column\">\n\t\t\t<div class=\"elementor-widget-wrap elementor-element-populated\">\n\t\t\t\t\t\t\t\t<div class=\"elementor-element elementor-element-2a8918a elementor-widget elementor-widget-spacer\" data-id=\"2a8918a\" data-element_type=\"widget\" data-widget_type=\"spacer.default\">\n\t\t\t\t<div class=\"elementor-widget-container\">\n\t\t\t\t\t<div class=\"elementor-spacer\">\n\t\t\t<div class=\"elementor-spacer-inner\"><\/div>\n\t\t<\/div>\n\t\t\t\t<\/div>\n\t\t\t\t<\/div>\n\t\t\t\t<section class=\"elementor-section elementor-inner-section elementor-element elementor-element-402f479 elementor-section-boxed elementor-section-height-default elementor-section-height-default\" data-id=\"402f479\" data-element_type=\"section\">\n\t\t\t\t\t\t<div class=\"elementor-container elementor-column-gap-default\">\n\t\t\t\t\t<div class=\"elementor-column elementor-col-50 elementor-inner-column elementor-element elementor-element-d030bf7\" data-id=\"d030bf7\" data-element_type=\"column\">\n\t\t\t<div class=\"elementor-widget-wrap elementor-element-populated\">\n\t\t\t\t\t\t\t\t<div class=\"elementor-element elementor-element-1142bd0 align-left elementor-widget elementor-widget-mae-headings\" data-id=\"1142bd0\" data-element_type=\"widget\" data-widget_type=\"mae-headings.default\">\n\t\t\t\t<div class=\"elementor-widget-container\">\n\t\t\t\t\t<div class=\"master-heading\">\n\t        \n\t        \t        <h2 class=\"main-heading\">Entre em contato conosco e obtenha um or\u00e7amento personalizado para seus projetos<\/h2>\n\t        \n\t        \t        <div class=\"divider\"><\/div>\n\t        \n\t        \t            <div class=\"sub-heading\">Obrigado pelo seu interesse em solicitar um or\u00e7amento de trabalho, preencha o formul\u00e1rio e entraremos em contacto em breve.<\/div>\n\t        \t    <\/div>\n\t    \t\t<\/div>\n\t\t\t\t<\/div>\n\t\t\t\t<div class=\"elementor-element elementor-element-44df5f0 elementor-widget elementor-widget-mae-list\" data-id=\"44df5f0\" data-element_type=\"widget\" data-widget_type=\"mae-list.default\">\n\t\t\t\t<div class=\"elementor-widget-container\">\n\t\t\t\n\t\t<div class=\"master-list align-left\">\n\t\t\t<div class=\"inner\">\n\t\t        <div class=\"icon-wrap\">\n\t\t\t        \t\t\t        \t<i class=\"fas fa-phone\"><\/i>\n\t\t\t        \t\t\t\t    \t\t        <\/div> \n\n\t\t        <div class=\"content-wrap\">\n\t\t            (27) 99711-9005\t\t        <\/div>\n\t\t    <\/div>\n\t    <\/div>\n\n\t    \t\t<\/div>\n\t\t\t\t<\/div>\n\t\t\t\t<div class=\"elementor-element elementor-element-078066a align-left elementor-widget elementor-widget-mae-headings\" data-id=\"078066a\" data-element_type=\"widget\" data-widget_type=\"mae-headings.default\">\n\t\t\t\t<div class=\"elementor-widget-container\">\n\t\t\t\t\t<div class=\"master-heading\">\n\t        \n\t        \n\t        \n\t        \t            <div class=\"sub-heading\">Conte-nos um pouco sobre seu projeto e obtenha um or\u00e7amento personalizado GRATUITAMENTE.<\/div>\n\t        \t    <\/div>\n\t    \t\t<\/div>\n\t\t\t\t<\/div>\n\t\t\t\t\t<\/div>\n\t\t<\/div>\n\t\t\t\t<div class=\"elementor-column elementor-col-50 elementor-inner-column elementor-element elementor-element-d1ef872\" data-id=\"d1ef872\" data-element_type=\"column\">\n\t\t\t<div class=\"elementor-widget-wrap elementor-element-populated\">\n\t\t\t\t\t\t\t\t<div class=\"elementor-element elementor-element-12e1eb8 elementor-widget elementor-widget-spacer\" data-id=\"12e1eb8\" data-element_type=\"widget\" data-widget_type=\"spacer.default\">\n\t\t\t\t<div class=\"elementor-widget-container\">\n\t\t\t\t\t<div class=\"elementor-spacer\">\n\t\t\t<div class=\"elementor-spacer-inner\"><\/div>\n\t\t<\/div>\n\t\t\t\t<\/div>\n\t\t\t\t<\/div>\n\t\t\t\t<div class=\"elementor-element elementor-element-8d0680a align-right cf7-style-2 elementor-widget elementor-widget-mae-contact-form-7\" data-id=\"8d0680a\" data-element_type=\"widget\" data-widget_type=\"mae-contact-form-7.default\">\n\t\t\t\t<div class=\"elementor-widget-container\">\n\t\t\t<div class=\"elementor-shortcode byron-cf7-0\"><div role=\"form\" class=\"wpcf7\" id=\"wpcf7-f586-o1\" lang=\"en-US\" dir=\"ltr\">\n<div class=\"screen-reader-response\"><p role=\"status\" aria-live=\"polite\" aria-atomic=\"true\"><\/p> <ul><\/ul><\/div>\n<form action=\"\/site\/wp-json\/wp\/v2\/pages\/1169#wpcf7-f586-o1\" method=\"post\" class=\"wpcf7-form init\" novalidate=\"novalidate\" data-status=\"init\">\n<div style=\"display: none;\">\n<input type=\"hidden\" name=\"_wpcf7\" value=\"586\" \/>\n<input type=\"hidden\" name=\"_wpcf7_version\" value=\"5.4.2\" \/>\n<input type=\"hidden\" name=\"_wpcf7_locale\" value=\"en_US\" \/>\n<input type=\"hidden\" name=\"_wpcf7_unit_tag\" value=\"wpcf7-f586-o1\" \/>\n<input type=\"hidden\" name=\"_wpcf7_container_post\" value=\"0\" \/>\n<input type=\"hidden\" name=\"_wpcf7_posted_data_hash\" value=\"\" \/>\n<\/div>\n<div class=\"input-wrap\">\n   <span class=\"wpcf7-form-control-wrap your-name\"><input type=\"text\" name=\"your-name\" value=\"Seu nome\" size=\"40\" class=\"wpcf7-form-control wpcf7-text wpcf7-validates-as-required\" aria-required=\"true\" aria-invalid=\"false\" \/><\/span><span class=\"wpcf7-form-control-wrap tel-131\"><input type=\"tel\" name=\"tel-131\" value=\"Telefone\" size=\"40\" class=\"wpcf7-form-control wpcf7-text wpcf7-tel wpcf7-validates-as-tel\" aria-invalid=\"false\" \/><\/span>\n<\/div>\n<div class=\"input-wrap\">\n   <span class=\"wpcf7-form-control-wrap your-email\"><input type=\"email\" name=\"your-email\" value=\"E-mail\" size=\"40\" class=\"wpcf7-form-control wpcf7-text wpcf7-email wpcf7-validates-as-required wpcf7-validates-as-email\" aria-required=\"true\" aria-invalid=\"false\" \/><\/span> <span class=\"wpcf7-form-control-wrap Empresa\"><input type=\"text\" name=\"Empresa\" value=\"Empresa\" size=\"40\" class=\"wpcf7-form-control wpcf7-text\" aria-invalid=\"false\" \/><\/span>\n<\/div>\n<p><span class=\"wpcf7-form-control-wrap your-message\"><textarea name=\"your-message\" cols=\"40\" rows=\"10\" class=\"wpcf7-form-control wpcf7-textarea\" aria-invalid=\"false\">Sua mensagem<\/textarea><\/span><\/p>\n<p><button class=\"wpcf7-submit\">Enviar<\/button><\/p>\n<div class=\"wpcf7-response-output\" aria-hidden=\"true\"><\/div><\/form><\/div><\/div>\t\t<\/div>\n\t\t\t\t<\/div>\n\t\t\t\t\t<\/div>\n\t\t<\/div>\n\t\t\t\t\t\t\t<\/div>\n\t\t<\/section>\n\t\t\t\t<div class=\"elementor-element elementor-element-eda66ab elementor-widget elementor-widget-spacer\" data-id=\"eda66ab\" data-element_type=\"widget\" data-widget_type=\"spacer.default\">\n\t\t\t\t<div class=\"elementor-widget-container\">\n\t\t\t\t\t<div class=\"elementor-spacer\">\n\t\t\t<div class=\"elementor-spacer-inner\"><\/div>\n\t\t<\/div>\n\t\t\t\t<\/div>\n\t\t\t\t<\/div>\n\t\t\t\t\t<\/div>\n\t\t<\/div>\n\t\t\t\t\t\t\t<\/div>\n\t\t<\/section>\n\t\t\t\t\t\t<\/div>\n\t\t\t\t\t<\/div>\n\t\t","protected":false},"excerpt":{"rendered":"<p>CONHE\u00c7A NOSSO DISPOSTIVO DE ANCORAGEM Solicite uma apresenta\u00e7\u00e3o de nossos servi\u00e7os e nosso dispositivo de ancoragem, atrav\u00e9s do nosso formul\u00e1rio de contato ou atrav\u00e9s de nosso WhatsApp Solicitar apresenta\u00e7\u00e3o s\u00edndicos e administradoras de condom\u00ednios Procurando uma prestadora de servi\u00e7os em altura com trabalho de qualidade e pre\u00e7os<\/p>\n","protected":false},"author":1,"featured_media":0,"parent":0,"menu_order":0,"comment_status":"closed","ping_status":"closed","template":"","meta":{"footnotes":""},"class_list":["post-1169","page","type-page","status-publish","hentry"],"_links":{"self":[{"href":"https:\/\/ancoravix.com.br\/site\/wp-json\/wp\/v2\/pages\/1169","targetHints":{"allow":["GET"]}}],"collection":[{"href":"https:\/\/ancoravix.com.br\/site\/wp-json\/wp\/v2\/pages"}],"about":[{"href":"https:\/\/ancoravix.com.br\/site\/wp-json\/wp\/v2\/types\/page"}],"author":[{"embeddable":true,"href":"https:\/\/ancoravix.com.br\/site\/wp-json\/wp\/v2\/users\/1"}],"replies":[{"embeddable":true,"href":"https:\/\/ancoravix.com.br\/site\/wp-json\/wp\/v2\/comments?post=1169"}],"version-history":[{"count":40,"href":"https:\/\/ancoravix.com.br\/site\/wp-json\/wp\/v2\/pages\/1169\/revisions"}],"predecessor-version":[{"id":2575,"href":"https:\/\/ancoravix.com.br\/site\/wp-json\/wp\/v2\/pages\/1169\/revisions\/2575"}],"wp:attachment":[{"href":"https:\/\/ancoravix.com.br\/site\/wp-json\/wp\/v2\/media?parent=1169"}],"curies":[{"name":"wp","href":"https:\/\/api.w.org\/{rel}","templated":true}]}}